{"id":9,"date":"2020-07-27T10:27:36","date_gmt":"2020-07-27T10:27:36","guid":{"rendered":"https:\/\/www.sanifarma.com\/farmacias\/?page_id=9"},"modified":"2020-07-29T08:25:40","modified_gmt":"2020-07-29T08:25:40","slug":"unete-a-sanifarma","status":"publish","type":"page","link":"https:\/\/www.sanifarma.com\/farmacias\/unete-a-sanifarma\/","title":{"rendered":"\u00bfTe sumas?"},"content":{"rendered":"<h1>\u00bfTe sumas?<\/h1>\n<h2>Sumamos para crecer<\/h2>\n<p>\u00bfQuieres recibir informaci\u00f3n personalizada de las condiciones y beneficios de formar parte de nuestro Grupo?<br \/>\nEnv\u00edanos tus datos y nos pondremos en contacto con tu farmacia.<\/p>\n<h4>Formulario<\/h4>\n<div class=\"everest-forms\"><div class=\"evf-container default\" id=\"evf-5\"><form id=\"evf-form-5\" class=\"everest-form\" data-formid=\"5\" data-ajax_submission=\"0\" data-keyboard_friendly_form=\"0\" data-form_state_type=\"\" method=\"post\" enctype=\"multipart\/form-data\" action=\"\/farmacias\/wp-json\/wp\/v2\/pages\/9\"><div class=\"evf-field-container\"><input type=\"hidden\" id=\"_wpnonce5\" name=\"_wpnonce5\" value=\"f80c470336\" \/><input type=\"hidden\" name=\"_wp_http_referer\" value=\"\/farmacias\/wp-json\/wp\/v2\/pages\/9\" \/><div class=\"evf-frontend-row\" data-row=\"row_1\" conditional_rules=\"[]\"><div class=\"evf-frontend-grid evf-grid-1\" data-grid=\"grid_1\"><div id=\"evf-5-field_fullname-container\" class=\"evf-field evf-field-text form-row validate-required\" data-required-field-message=\"Este campo es obligatorio.\" data-field-id=\"fullname\"><label class=\"evf-field-label\" for=\"evf-5-field_fullname\"><span class=\"evf-label\">Persona de contacto<\/span> <abbr class=\"required\" title=\"Obligatorio\">*<\/abbr><\/label><input type=\"text\" id=\"evf-5-field_fullname\" class=\"input-text\" name=\"everest_forms[form_fields][fullname]\" required><\/div><div id=\"evf-5-field_3Eagh31bVq-4-container\" class=\"evf-field evf-field-text form-row\" data-field-id=\"3Eagh31bVq-4\"><label class=\"evf-field-label\" for=\"evf-5-field_3Eagh31bVq-4\"><span class=\"evf-label\">Farmacia<\/span> <\/label><input type=\"text\" id=\"evf-5-field_3Eagh31bVq-4\" class=\"input-text\" name=\"everest_forms[form_fields][3Eagh31bVq-4]\" ><\/div><div id=\"evf-5-field_subject-container\" class=\"evf-field evf-field-text form-row validate-required\" data-required-field-message=\"Este campo es obligatorio.\" data-field-id=\"subject\"><label class=\"evf-field-label\" for=\"evf-5-field_subject\"><span class=\"evf-label\">Ciudad<\/span> <abbr class=\"required\" title=\"Obligatorio\">*<\/abbr><\/label><input type=\"text\" id=\"evf-5-field_subject\" class=\"input-text\" name=\"everest_forms[form_fields][subject]\" required><\/div><div id=\"evf-5-field_email-container\" class=\"evf-field evf-field-email form-row validate-required validate-email\" data-required-field-message=\"Por favor, usa una direcci\u00f3n de correo electr\u00f3nico v\u00e1lida.\" data-field-id=\"email\"><label class=\"evf-field-label\" for=\"evf-5-field_email\"><span class=\"evf-label\">Email<\/span> <abbr class=\"required\" title=\"Obligatorio\">*<\/abbr><\/label><input type=\"email\" id=\"evf-5-field_email\" class=\"input-text\" name=\"everest_forms[form_fields][email]\" required ><\/div><div id=\"evf-5-field_HT4IY9SIbu-3-container\" class=\"evf-field evf-field-text form-row\" data-field-id=\"HT4IY9SIbu-3\"><label class=\"evf-field-label\" for=\"evf-5-field_HT4IY9SIbu-3\"><span class=\"evf-label\">Tel\u00e9fono<\/span> <\/label><input type=\"text\" id=\"evf-5-field_HT4IY9SIbu-3\" class=\"input-text\" name=\"everest_forms[form_fields][HT4IY9SIbu-3]\" ><\/div><div id=\"evf-5-field_message-container\" class=\"evf-field evf-field-textarea form-row\" data-field-id=\"message\"><label class=\"evf-field-label\" for=\"evf-5-field_message\"><span class=\"evf-label\">Mensaje<\/span> <\/label><textarea id=\"evf-5-field_message\" class=\"input-text\" name=\"everest_forms[form_fields][message]\"  ><\/textarea><\/div><\/div><\/div><\/div><div class=\"evf-honeypot-container evf-field-hp\"><label for=\"evf-5-field-hp\" class=\"evf-field-label\">Website<\/label><input type=\"text\" name=\"everest_forms[hp]\" id=\"evf-5-field-hp\" class=\"input-text\"><\/div><div class=\"evf-submit-container \" ><input type=\"hidden\" name=\"everest_forms[id]\" value=\"5\"><input type=\"hidden\" name=\"everest_forms[author]\" value=\"1\"><button type='submit' name='everest_forms[submit]' class='everest-forms-submit-button button evf-submit ' id='evf-submit-5' value='evf-submit' data-process-text=\"Procesando...\" conditional_rules='&quot;&quot;' conditional_id='evf-submit-5'  id=\"evf-submit-5\" aria-live=\"assertive\">Enviar<\/button><\/div><\/form><\/div><!-- .evf-container --><\/div>\n<h3 style=\"margin-top:56px; color:#54595F\">Contacto<\/h3>\n<ul>\n<li>Pol\u00edgono Noain-Esquiroz. Calle T n\u00ba 33<\/li>\n<li>31191 Esquiroz (Navarra)<\/li>\n<li>948 206 165<\/li>\n<li>sanifarma@sanifarma.com<\/li>\n<\/ul>\n","protected":false},"excerpt":{"rendered":"<p>\u00bfTe sumas? Sumamos para crecer \u00bfQuieres recibir informaci\u00f3n personalizada de las condiciones y beneficios de formar parte de nuestro Grupo? Env\u00edanos tus datos y nos pondremos en contacto con tu farmacia. Formulario Contacto Pol\u00edgono Noain-Esquiroz. Calle T n\u00ba 33 31191 Esquiroz (Navarra) 948 206 165 sanifarma@sanifarma.com<\/p>\n","protected":false},"author":1,"featured_media":0,"parent":0,"menu_order":8,"comment_status":"closed","ping_status":"closed","template":"elementor_header_footer","meta":{"footnotes":""},"class_list":["post-9","page","type-page","status-publish","hentry"],"_links":{"self":[{"href":"https:\/\/www.sanifarma.com\/farmacias\/wp-json\/wp\/v2\/pages\/9","targetHints":{"allow":["GET"]}}],"collection":[{"href":"https:\/\/www.sanifarma.com\/farmacias\/wp-json\/wp\/v2\/pages"}],"about":[{"href":"https:\/\/www.sanifarma.com\/farmacias\/wp-json\/wp\/v2\/types\/page"}],"author":[{"embeddable":true,"href":"https:\/\/www.sanifarma.com\/farmacias\/wp-json\/wp\/v2\/users\/1"}],"replies":[{"embeddable":true,"href":"https:\/\/www.sanifarma.com\/farmacias\/wp-json\/wp\/v2\/comments?post=9"}],"version-history":[{"count":5,"href":"https:\/\/www.sanifarma.com\/farmacias\/wp-json\/wp\/v2\/pages\/9\/revisions"}],"predecessor-version":[{"id":294,"href":"https:\/\/www.sanifarma.com\/farmacias\/wp-json\/wp\/v2\/pages\/9\/revisions\/294"}],"wp:attachment":[{"href":"https:\/\/www.sanifarma.com\/farmacias\/wp-json\/wp\/v2\/media?parent=9"}],"curies":[{"name":"wp","href":"https:\/\/api.w.org\/{rel}","templated":true}]}}