{"id":59,"date":"2020-07-27T11:50:43","date_gmt":"2020-07-27T11:50:43","guid":{"rendered":"https:\/\/www.sanifarma.com\/farmacias\/?page_id=59"},"modified":"2020-07-30T06:41:26","modified_gmt":"2020-07-30T06:41:26","slug":"servicios-al-cliente","status":"publish","type":"page","link":"https:\/\/www.sanifarma.com\/farmacias\/servicios-al-cliente\/","title":{"rendered":"Servicios al cliente"},"content":{"rendered":"<h1>Servicios al cliente<\/h1>\n<p>Como miembro de <strong>Sanifarma<\/strong>, tus clientes se beneficiar\u00e1n de numerosos servicios exclusivos, que mejorar\u00e1n su experiencia de compra y te ayudar\u00e1n a fidelizarles.<\/p>\n<p>\t\t\t\t\t\t\t\t\t\t<img loading=\"lazy\" decoding=\"async\" width=\"984\" height=\"620\" src=\"https:\/\/www.sanifarma.com\/farmacias\/wp-content\/uploads\/servicios-externos.png\" alt=\"Servicios externos\" srcset=\"https:\/\/www.sanifarma.com\/farmacias\/wp-content\/uploads\/servicios-externos.png 984w, https:\/\/www.sanifarma.com\/farmacias\/wp-content\/uploads\/servicios-externos-300x189.png 300w, https:\/\/www.sanifarma.com\/farmacias\/wp-content\/uploads\/servicios-externos-768x484.png 768w\" sizes=\"auto, (max-width: 984px) 100vw, 984px\" \/><br \/>\n\t\t\t\t\t\t\t\t\t\t<img loading=\"lazy\" decoding=\"async\" width=\"860\" height=\"680\" src=\"https:\/\/www.sanifarma.com\/farmacias\/wp-content\/uploads\/organizador-medicacion-semanal.jpg\" alt=\"Organizador de medicacion semanal\" srcset=\"https:\/\/www.sanifarma.com\/farmacias\/wp-content\/uploads\/organizador-medicacion-semanal.jpg 860w, https:\/\/www.sanifarma.com\/farmacias\/wp-content\/uploads\/organizador-medicacion-semanal-300x237.jpg 300w, https:\/\/www.sanifarma.com\/farmacias\/wp-content\/uploads\/organizador-medicacion-semanal-768x607.jpg 768w\" sizes=\"auto, (max-width: 860px) 100vw, 860px\" \/>\t\t\t\t\t\t\t\t\t\t\t<\/p>\n<h3>Organizador de medicaci\u00f3n semanal<\/h3>\n<p>OMS: <strong>Organizador de Medicaci\u00f3n Semanal<\/strong> propio para fidelizar a tus clientes. Suministro de material, formaci\u00f3n y soporte.<\/p>\n<p>\t\t\t\t\t\t\t\t\t\t<img loading=\"lazy\" decoding=\"async\" width=\"860\" height=\"680\" src=\"https:\/\/www.sanifarma.com\/farmacias\/wp-content\/uploads\/servicio-dermocosmetico.jpg\" alt=\"\" srcset=\"https:\/\/www.sanifarma.com\/farmacias\/wp-content\/uploads\/servicio-dermocosmetico.jpg 860w, https:\/\/www.sanifarma.com\/farmacias\/wp-content\/uploads\/servicio-dermocosmetico-300x237.jpg 300w, https:\/\/www.sanifarma.com\/farmacias\/wp-content\/uploads\/servicio-dermocosmetico-768x607.jpg 768w\" sizes=\"auto, (max-width: 860px) 100vw, 860px\" \/>\t\t\t\t\t\t\t\t\t\t\t<\/p>\n<h3>Asesoramiento dermocosm\u00e9tico<\/h3>\n<p>Servicio diferenciador que ofrece una experiencia \u00fanica al cliente. M\u00e1s de 10 a\u00f1os ofreciendo resultados y rentabilidad demostrables.<\/p>\n<p>Atenci\u00f3n en la farmacia a cualquier persona que manifiesta preocupaci\u00f3n o necesidad por el cuidado de la piel. Belleza y cuidado facial: hidrataci\u00f3n, arrugas, lumino.<\/p>\n<ul>\n<li>An\u00e1lisis profesional personalizado<\/li>\n<li>Diagn\u00f3stico por especialista<\/li>\n<li>Recomendaci\u00f3n de tratamiento (multimarca)<\/li>\n<li>Seguimiento y evoluci\u00f3n<\/li>\n<\/ul>\n<p>\t\t\t\t\t\t\t\t\t\t<img loading=\"lazy\" decoding=\"async\" width=\"860\" height=\"680\" src=\"https:\/\/www.sanifarma.com\/farmacias\/wp-content\/uploads\/asesorameinto-capilar.jpg\" alt=\"Asesoramiento capilar\" srcset=\"https:\/\/www.sanifarma.com\/farmacias\/wp-content\/uploads\/asesorameinto-capilar.jpg 860w, https:\/\/www.sanifarma.com\/farmacias\/wp-content\/uploads\/asesorameinto-capilar-300x237.jpg 300w, https:\/\/www.sanifarma.com\/farmacias\/wp-content\/uploads\/asesorameinto-capilar-768x607.jpg 768w\" sizes=\"auto, (max-width: 860px) 100vw, 860px\" \/>\t\t\t\t\t\t\t\t\t\t\t<\/p>\n<h3>Asesoramiento capilar<\/h3>\n<p><strong>An\u00e1lisis, diagn\u00f3stico, recomendaci\u00f3n de tratamiento y seguimiento profesional personalizado.<\/strong><\/p>\n<p>Tratamiento de problemas, ca\u00edda, caspa, grasa, picores y belleza capilar, volumen, brillo, densidad, etc.<\/p>\n<p>Marcas exclusivas y promociones especiales al alcance de tus clientes.<\/p>\n<p>\t\t\t\t\t\t\t\t\t\t<img loading=\"lazy\" decoding=\"async\" width=\"860\" height=\"680\" src=\"https:\/\/www.sanifarma.com\/farmacias\/wp-content\/uploads\/campa\u00f1as-sanitarias.jpg\" alt=\"Campa\u00f1as sanitarias\" srcset=\"https:\/\/www.sanifarma.com\/farmacias\/wp-content\/uploads\/campa\u00f1as-sanitarias.jpg 860w, https:\/\/www.sanifarma.com\/farmacias\/wp-content\/uploads\/campa\u00f1as-sanitarias-300x237.jpg 300w, https:\/\/www.sanifarma.com\/farmacias\/wp-content\/uploads\/campa\u00f1as-sanitarias-768x607.jpg 768w\" sizes=\"auto, (max-width: 860px) 100vw, 860px\" \/>\t\t\t\t\t\t\t\t\t\t\t<\/p>\n<h3>Campa\u00f1as sanitarias<\/h3>\n<p><strong>Campa\u00f1as para la promoci\u00f3n de la Salud y prevenci\u00f3n de enfermedades<\/strong> (Celiaqu\u00eda, Diabetes, Salud cardiovascular&#8230;).<\/p>\n<p>Te ayudar\u00e1n a fidelizar y atraer a nuevos clientes potenciales a tu farmacia.<\/p>\n<p>Reforzar\u00e1s el binomio Farmacia-Salud P\u00fablica mejorando la imagen y la visibilidad de tu farmacia.<\/p>\n<p>\t\t\t\t\t\t\t\t\t\t<img loading=\"lazy\" decoding=\"async\" width=\"860\" height=\"680\" src=\"https:\/\/www.sanifarma.com\/farmacias\/wp-content\/uploads\/tarjeta-fidelizacion.jpg\" alt=\"Tarjeta de fidelizacion\" srcset=\"https:\/\/www.sanifarma.com\/farmacias\/wp-content\/uploads\/tarjeta-fidelizacion.jpg 860w, https:\/\/www.sanifarma.com\/farmacias\/wp-content\/uploads\/tarjeta-fidelizacion-300x237.jpg 300w, https:\/\/www.sanifarma.com\/farmacias\/wp-content\/uploads\/tarjeta-fidelizacion-768x607.jpg 768w\" sizes=\"auto, (max-width: 860px) 100vw, 860px\" \/>\t\t\t\t\t\t\t\t\t\t\t<\/p>\n<h3>Tarjeta de fidelizaci\u00f3n<\/h3>\n<p>Sistema de puntos por compras en Parafarmacia canjeables por descuentos<\/p>\n<p>Te permitir\u00e1 segmentar a sus clientes y hacerles llegar ofertas y comunicaciones de forma regular incrementando su fidelizaci\u00f3n.<\/p>\n<p>\t\t\t\t\t\t\t\t\t\t<img loading=\"lazy\" decoding=\"async\" width=\"860\" height=\"680\" src=\"https:\/\/www.sanifarma.com\/farmacias\/wp-content\/uploads\/marketing.jpg\" alt=\"Marketing\" srcset=\"https:\/\/www.sanifarma.com\/farmacias\/wp-content\/uploads\/marketing.jpg 860w, https:\/\/www.sanifarma.com\/farmacias\/wp-content\/uploads\/marketing-300x237.jpg 300w, https:\/\/www.sanifarma.com\/farmacias\/wp-content\/uploads\/marketing-768x607.jpg 768w\" sizes=\"auto, (max-width: 860px) 100vw, 860px\" \/>\t\t\t\t\t\t\t\t\t\t\t<\/p>\n<h3>Marketing<\/h3>\n<p>Te ofrecemos <strong>materiales y recursos<\/strong> de apoyo al punto de venta.<\/p>\n<ul>\n<li>Materiales divulgativos sobre salud (carteles, folletos informativos&#8230;)<\/li>\n<li><strong>Campa\u00f1as promocionales<\/strong>: San Valent\u00edn, D\u00eda de la Madre, Black Friday&#8230;<\/li>\n<li><strong>Revista trimestral<\/strong> con contenidos de inter\u00e9s para tus clientes<\/li>\n<li>Web, newsletters y redes sociales (iconos FCB e Instagram)<\/li>\n<li><strong>Pantallas led<\/strong> en punto de venta con contenidos din\u00e1micos. (promociones, ofertas, etc.)<\/li>\n<\/ul>\n","protected":false},"excerpt":{"rendered":"<p>Servicios al cliente Como miembro de Sanifarma, tus clientes se beneficiar\u00e1n de numerosos servicios exclusivos, que mejorar\u00e1n su experiencia de compra y te ayudar\u00e1n a fidelizarles. Organizador de medicaci\u00f3n semanal OMS: Organizador de Medicaci\u00f3n Semanal propio para fidelizar a tus clientes. Suministro de material, formaci\u00f3n y soporte. Asesoramiento dermocosm\u00e9tico Servicio diferenciador que ofrece una experiencia [&hellip;]<\/p>\n","protected":false},"author":1,"featured_media":0,"parent":0,"menu_order":5,"comment_status":"closed","ping_status":"closed","template":"elementor_header_footer","meta":{"footnotes":""},"class_list":["post-59","page","type-page","status-publish","hentry"],"_links":{"self":[{"href":"https:\/\/www.sanifarma.com\/farmacias\/wp-json\/wp\/v2\/pages\/59","targetHints":{"allow":["GET"]}}],"collection":[{"href":"https:\/\/www.sanifarma.com\/farmacias\/wp-json\/wp\/v2\/pages"}],"about":[{"href":"https:\/\/www.sanifarma.com\/farmacias\/wp-json\/wp\/v2\/types\/page"}],"author":[{"embeddable":true,"href":"https:\/\/www.sanifarma.com\/farmacias\/wp-json\/wp\/v2\/users\/1"}],"replies":[{"embeddable":true,"href":"https:\/\/www.sanifarma.com\/farmacias\/wp-json\/wp\/v2\/comments?post=59"}],"version-history":[{"count":5,"href":"https:\/\/www.sanifarma.com\/farmacias\/wp-json\/wp\/v2\/pages\/59\/revisions"}],"predecessor-version":[{"id":315,"href":"https:\/\/www.sanifarma.com\/farmacias\/wp-json\/wp\/v2\/pages\/59\/revisions\/315"}],"wp:attachment":[{"href":"https:\/\/www.sanifarma.com\/farmacias\/wp-json\/wp\/v2\/media?parent=59"}],"curies":[{"name":"wp","href":"https:\/\/api.w.org\/{rel}","templated":true}]}}